{"id":54,"date":"2011-03-29T10:21:33","date_gmt":"2011-03-29T10:21:33","guid":{"rendered":"http:\/\/mannfolk.fi\/?page_id=54"},"modified":"2020-09-21T19:53:20","modified_gmt":"2020-09-21T19:53:20","slug":"tue-stod-support","status":"publish","type":"page","link":"https:\/\/mannfolk.fi\/sv\/tue-stod-support\/","title":{"rendered":"Esbo"},"content":{"rendered":"<p><a href=\"http:\/\/mannfolk.fi\/wp-content\/uploads\/2014\/01\/nikketue.png\"><img loading=\"lazy\" decoding=\"async\" class=\"alignleft wp-image-201 \" src=\"http:\/\/mannfolk.fi\/wp-content\/uploads\/2014\/01\/nikketue-300x300.png\" alt=\"Mannfolk\" width=\"300\" height=\"300\" srcset=\"https:\/\/mannfolk.fi\/wp-content\/uploads\/2014\/01\/nikketue-300x300.png 300w, https:\/\/mannfolk.fi\/wp-content\/uploads\/2014\/01\/nikketue-150x150.png 150w, https:\/\/mannfolk.fi\/wp-content\/uploads\/2014\/01\/nikketue.png 500w\" sizes=\"auto, (max-width: 300px) 100vw, 300px\" \/><\/a><\/p>\n<p>&nbsp;<\/p>\n<p>Vi\u00a0kan g\u00f6ra Esbo till en b\u00e4ttre stad genom att g\u00f6ra smartare ekonomisk politik, smartare milj\u00f6politik och smartare byggnadspolitik.<\/p>\n<p>Exempelvis skulle solpaneler p\u00e5 hustak vara smartare milj\u00f6politik. Det sparar b\u00e5de pengar och milj\u00f6.<\/p>\n<p>Dessutom ska Esbo byggas d\u00e4r det nu finns bost\u00e4der, inte utvidgas till helt nya omr\u00e5den. Hellre upp\u00e5t \u00e4n ut\u00e5t.<\/p>","protected":false},"excerpt":{"rendered":"<p>&nbsp; Vi\u00a0kan g\u00f6ra Esbo till en b\u00e4ttre stad genom att g\u00f6ra smartare ekonomisk politik, smartare milj\u00f6politik och smartare byggnadspolitik. Exempelvis skulle solpaneler p\u00e5 hustak vara smartare milj\u00f6politik. Det sparar b\u00e5de pengar och milj\u00f6. Dessutom ska Esbo byggas d\u00e4r det nu finns bost\u00e4der, inte utvidgas till helt nya omr\u00e5den. Hellre upp\u00e5t \u00e4n ut\u00e5t.<\/p>\n","protected":false},"author":1,"featured_media":0,"parent":0,"menu_order":0,"comment_status":"closed","ping_status":"closed","template":"","meta":{"footnotes":""},"class_list":["post-54","page","type-page","status-publish","hentry"],"_links":{"self":[{"href":"https:\/\/mannfolk.fi\/sv\/wp-json\/wp\/v2\/pages\/54","targetHints":{"allow":["GET"]}}],"collection":[{"href":"https:\/\/mannfolk.fi\/sv\/wp-json\/wp\/v2\/pages"}],"about":[{"href":"https:\/\/mannfolk.fi\/sv\/wp-json\/wp\/v2\/types\/page"}],"author":[{"embeddable":true,"href":"https:\/\/mannfolk.fi\/sv\/wp-json\/wp\/v2\/users\/1"}],"replies":[{"embeddable":true,"href":"https:\/\/mannfolk.fi\/sv\/wp-json\/wp\/v2\/comments?post=54"}],"version-history":[{"count":21,"href":"https:\/\/mannfolk.fi\/sv\/wp-json\/wp\/v2\/pages\/54\/revisions"}],"predecessor-version":[{"id":353,"href":"https:\/\/mannfolk.fi\/sv\/wp-json\/wp\/v2\/pages\/54\/revisions\/353"}],"wp:attachment":[{"href":"https:\/\/mannfolk.fi\/sv\/wp-json\/wp\/v2\/media?parent=54"}],"curies":[{"name":"wp","href":"https:\/\/api.w.org\/{rel}","templated":true}]}}