{"id":218,"date":"2014-01-27T16:45:01","date_gmt":"2014-01-27T16:45:01","guid":{"rendered":"http:\/\/mannfolk.fi\/?page_id=218"},"modified":"2017-03-08T13:24:16","modified_gmt":"2017-03-08T13:24:16","slug":"eu-2","status":"publish","type":"page","link":"https:\/\/mannfolk.fi\/sv\/eu-2\/","title":{"rendered":"Politik"},"content":{"rendered":"<p><\/p>\n<div class=\"row-fluid\">\n<div class=\"span8\">\n<h3><span style=\"color: #ff8400;\">Det ska l\u00f6na sig att vara egenf\u00f6retagare<\/span><\/h3>\n<p>F\u00f6rb\u00e4ttrandet av de sm\u00e5 och medelstora f\u00f6retagens f\u00f6ruts\u00e4ttningar syns fr\u00e4mst i diverse festtal. I praktiken har sm\u00e5 och medelstora f\u00f6retag alltj\u00e4mt sv\u00e5rt att f\u00e5 finansiering, egenf\u00f6retagare beskattas dubbelt, och socialskyddet f\u00f6r f\u00f6retagare \u00e4r s\u00e5 gott som obefintligt.<\/p>\n<p>Det st\u00e4mmer att Finland m\u00e5ste ta sig ur den ekonomiska svackan genom arbete, och att nya tillv\u00e4xtfr\u00e4mjande arbetsplatser i sig endast f\u00f6ds i privata f\u00f6retag. Vi m\u00e5ste allts\u00e5 st\u00f6da f\u00f6retagsamhet. Och \u00e4ven om de st\u00f6rsta skattebetalarna och arbetsgivarna \u00e4ven fram\u00f6ver \u00e4r stora f\u00f6retag, \u00e4r det ocks\u00e5 viktigt att st\u00f6da egenf\u00f6retagare.<\/p>\n<p>En h\u00f6jning av nedre gr\u00e4nsen f\u00f6r momsskyldighet till 50 000 euro skulle avl\u00e4gsna dubbelbeskattningen av egenf\u00f6retagare och uppmuntra finl\u00e4ndarna att bli f\u00f6retagare. En \u00e4ndring av socialskyddet mot en modell av negativ inkomstbeskattning skulle i sin tur minska riskerna f\u00f6r egenf\u00f6retagsamhet.<br \/>\n<a href=\"http:\/\/mannfolk.fi\/wp-content\/uploads\/2014\/01\/politik-800x260.jpg\"><img loading=\"lazy\" decoding=\"async\" class=\"alignnone size-full wp-image-284\" src=\"http:\/\/mannfolk.fi\/wp-content\/uploads\/2014\/01\/politik-800x260.jpg\" alt=\"politik (800x260)\" width=\"800\" height=\"260\" srcset=\"https:\/\/mannfolk.fi\/wp-content\/uploads\/2014\/01\/politik-800x260.jpg 800w, https:\/\/mannfolk.fi\/wp-content\/uploads\/2014\/01\/politik-800x260-150x48.jpg 150w, https:\/\/mannfolk.fi\/wp-content\/uploads\/2014\/01\/politik-800x260-300x97.jpg 300w\" sizes=\"auto, (max-width: 800px) 100vw, 800px\" \/><\/a><\/p>\n<h3><\/h3>\n<h3><span style=\"color: #ff8400;\">Det ska l\u00f6na sig att ta emot jobb<\/span><\/h3>\n<p>V\u00e5rt arbetsliv kan inte vara uppbyggt s\u00e5 att systemet passiverar samh\u00e4llsmedlemmarna. Dels uppst\u00e5r flitf\u00e4llor d\u00e5 mottagandet av l\u00e5gavl\u00f6nat arbete leder till att lejonparten av m\u00e5nadsinkomsten f\u00f6rsvinner. Dels leder 500 dagar av inkomstrelaterad dagpenning till en situation d\u00e4r en arbetsf\u00f6rm\u00f6gen individ uppmuntras av samh\u00e4llet att h\u00e5lla sig borta fr\u00e5n arbetslivet i ett och ett halvt \u00e5r.<\/p>\n<p>De nuvarande flitf\u00e4llorna kunde avskaffas genom ett st\u00f6dsystem i stil med modellen av negativ inkomstbeskattning, d\u00e4r den anst\u00e4llde alltid gynnas av att ta emot arbete eller bli befordrad, samt en f\u00f6rkortning av tiden f\u00f6r inkomstrelaterad dagpenning. Visst kan \u00e4ven detta system missbrukas, men d\u00e5 \u00e4r missbruket \u00e5tminstone medvetet och aktivt. Det nuvarande systemet passiverar \u00e4ven individer som \u00e4r villiga att delta i samh\u00e4llsbygget.<\/p>\n<p>Finland beh\u00f6ver en ny tillv\u00e4xtpolitik som uppmuntrar till arbete. Samh\u00e4llet ska ta hand om sina medlemmar, men det ska alltid vara mer l\u00f6nsamt att ta emot arbete \u00e4n att sitta hemma.<\/p>\n<p><a href=\"http:\/\/mannfolk.fi\/wp-content\/uploads\/2014\/01\/st\u00f6vel-800x284.jpg\"><img loading=\"lazy\" decoding=\"async\" class=\"alignnone size-full wp-image-285\" src=\"http:\/\/mannfolk.fi\/wp-content\/uploads\/2014\/01\/st\u00f6vel-800x284.jpg\" alt=\"st\u00f6vel (800x284)\" width=\"800\" height=\"284\" srcset=\"https:\/\/mannfolk.fi\/wp-content\/uploads\/2014\/01\/st\u00f6vel-800x284.jpg 800w, https:\/\/mannfolk.fi\/wp-content\/uploads\/2014\/01\/st\u00f6vel-800x284-150x53.jpg 150w, https:\/\/mannfolk.fi\/wp-content\/uploads\/2014\/01\/st\u00f6vel-800x284-300x106.jpg 300w\" sizes=\"auto, (max-width: 800px) 100vw, 800px\" \/><\/a><\/p>\n<\/div>\n<div class=\"span8\">\n<h3><\/h3>\n<h3><span style=\"color: #ff8400;\">Bort med milj\u00f6farlig energi<\/span><\/h3>\n<p>Kilmatf\u00f6r\u00e4ndringen \u00e4r en av v\u00e5r tids st\u00f6rsta utmaningar. Finland b\u00f6r vara en f\u00f6reg\u00e5ngare inom milj\u00f6-, energi- och klimatpolitiken. M\u00e5let b\u00f6r vara en h\u00f6g sj\u00e4lvf\u00f6rs\u00f6rjningsgrad, en tryggad konkurrenskraftig energif\u00f6rs\u00f6rjning f\u00f6r n\u00e4ringslivet samt ett aktivt europeiskt och internationellt milj\u00f6- och energisamarbete.<\/p>\n<p>Till skillnad fr\u00e5n vad m\u00e5nga kandidattest f\u00f6rs\u00f6ker f\u00e5 en att tro utesluter inte milj\u00f6v\u00e4nligt t\u00e4nkande ekonomisk tillv\u00e4xt. Tv\u00e4rtom. \u00c4ven om det p\u00e5 kort sikt kan verka som att man i on\u00f6dan s\u00e4tter pengar p\u00e5 milj\u00f6v\u00e4nlig och h\u00e5llbar ekonomisk politik, kan man inte bara se p\u00e5 tillv\u00e4xt under en tidsram p\u00e5 tv\u00e5, eller fem \u00e5r. \u00c4ven om man inte tror p\u00e5 den globala uppv\u00e4rmningen eller anser att h\u00e5llbar utveckling \u00e4r bluff och b\u00e5g, \u00e4r inga av dessa \u00e5tg\u00e4rder on\u00f6diga. En mer effektiv och milj\u00f6v\u00e4nlig tillv\u00e4xt gynnar alla finl\u00e4ndare.<\/p>\n<p>Det \u00e4r positivt att en stor del av v\u00e5ra f\u00f6retag redan ser milj\u00f6v\u00e4nlighet som en konkurrensf\u00f6rdel. Samtidigt finns det mycket att f\u00f6rb\u00e4ttra i incitamenten. Bara som exempel gynnar den nuvarande utsl\u00e4ppshandeln anv\u00e4ndandet av milj\u00f6ov\u00e4nliga br\u00e4nslen.<\/p>\n<p>P\u00e5 l\u00e4ngre sikt b\u00f6r m\u00e5let vara att \u00f6verg\u00e5 till f\u00f6rnyelsebara och inhemska energik\u00e4llor.<\/p>\n<\/div>\n<div class=\"span8\"><a href=\"http:\/\/mannfolk.fi\/wp-content\/uploads\/2014\/01\/morot-800x226.jpg\"><img loading=\"lazy\" decoding=\"async\" class=\"alignnone size-full wp-image-297\" src=\"http:\/\/mannfolk.fi\/wp-content\/uploads\/2014\/01\/morot-800x226.jpg\" alt=\"morot (800x226)\" width=\"800\" height=\"226\" srcset=\"https:\/\/mannfolk.fi\/wp-content\/uploads\/2014\/01\/morot-800x226.jpg 800w, https:\/\/mannfolk.fi\/wp-content\/uploads\/2014\/01\/morot-800x226-150x42.jpg 150w, https:\/\/mannfolk.fi\/wp-content\/uploads\/2014\/01\/morot-800x226-300x84.jpg 300w\" sizes=\"auto, (max-width: 800px) 100vw, 800px\" \/><\/a><\/div>\n<\/div>\n<\/div>\n<\/div>","protected":false},"excerpt":{"rendered":"<p>Det ska l\u00f6na sig att ta emot jobb &#8211; Finland beh\u00f6ver en ny tillv\u00e4xtpolitik som uppmuntrar till arbete. Det m\u00e5ste alltid l\u00f6na sig att ta emot ett jobb.<\/p>\n","protected":false},"author":1,"featured_media":295,"parent":0,"menu_order":0,"comment_status":"closed","ping_status":"open","template":"","meta":{"footnotes":""},"class_list":["post-218","page","type-page","status-publish","has-post-thumbnail","hentry"],"_links":{"self":[{"href":"https:\/\/mannfolk.fi\/sv\/wp-json\/wp\/v2\/pages\/218","targetHints":{"allow":["GET"]}}],"collection":[{"href":"https:\/\/mannfolk.fi\/sv\/wp-json\/wp\/v2\/pages"}],"about":[{"href":"https:\/\/mannfolk.fi\/sv\/wp-json\/wp\/v2\/types\/page"}],"author":[{"embeddable":true,"href":"https:\/\/mannfolk.fi\/sv\/wp-json\/wp\/v2\/users\/1"}],"replies":[{"embeddable":true,"href":"https:\/\/mannfolk.fi\/sv\/wp-json\/wp\/v2\/comments?post=218"}],"version-history":[{"count":20,"href":"https:\/\/mannfolk.fi\/sv\/wp-json\/wp\/v2\/pages\/218\/revisions"}],"predecessor-version":[{"id":223,"href":"https:\/\/mannfolk.fi\/sv\/wp-json\/wp\/v2\/pages\/218\/revisions\/223"}],"wp:featuredmedia":[{"embeddable":true,"href":"https:\/\/mannfolk.fi\/sv\/wp-json\/wp\/v2\/media\/295"}],"wp:attachment":[{"href":"https:\/\/mannfolk.fi\/sv\/wp-json\/wp\/v2\/media?parent=218"}],"curies":[{"name":"wp","href":"https:\/\/api.w.org\/{rel}","templated":true}]}}