{"id":184,"date":"2013-11-26T16:28:39","date_gmt":"2013-11-26T16:28:39","guid":{"rendered":"http:\/\/mannfolk.fi\/?page_id=184"},"modified":"2025-03-27T16:44:52","modified_gmt":"2025-03-27T16:44:52","slug":"bio","status":"publish","type":"page","link":"https:\/\/mannfolk.fi\/sv\/bio\/","title":{"rendered":"Bio"},"content":{"rendered":"<p><img loading=\"lazy\" decoding=\"async\" class=\"wp-image-374 alignright\" src=\"http:\/\/mannfolk.fi\/wp-content\/uploads\/2025\/03\/0S6A8810_compressed-scaled.jpg\" alt=\"\" width=\"230\" height=\"345\" srcset=\"https:\/\/mannfolk.fi\/wp-content\/uploads\/2025\/03\/0S6A8810_compressed-scaled.jpg 1707w, https:\/\/mannfolk.fi\/wp-content\/uploads\/2025\/03\/0S6A8810_compressed-200x300.jpg 200w, https:\/\/mannfolk.fi\/wp-content\/uploads\/2025\/03\/0S6A8810_compressed-1000x1500.jpg 1000w, https:\/\/mannfolk.fi\/wp-content\/uploads\/2025\/03\/0S6A8810_compressed-100x150.jpg 100w, https:\/\/mannfolk.fi\/wp-content\/uploads\/2025\/03\/0S6A8810_compressed-768x1152.jpg 768w, https:\/\/mannfolk.fi\/wp-content\/uploads\/2025\/03\/0S6A8810_compressed-1024x1536.jpg 1024w\" sizes=\"auto, (max-width: 230px) 100vw, 230px\" \/><\/p>\n<h3><\/h3>\n<h3 style=\"text-align: justify; padding-left: 210px;\"><span style=\"color: #ff8400;\">&#8221;Jag \u00e4r Niklas Mannfolk,<\/span><\/h3>\n<p style=\"padding-left: 210px; text-align: left;\">sm\u00e5barnsfar fr\u00e5n Esbo i mina b\u00e4sta \u00e5r. Som ekonom ser jag g\u00e4rna att staden anv\u00e4nder sina pengar vettigt. Ekonomi, boende och milj\u00f6 \u00e4r d\u00e4rf\u00f6r n\u00e4ra mitt politiska hj\u00e4rta. F\u00f6r tillf\u00e4llet bor jag med min sambo och tv\u00e5 d\u00f6ttrar i Kilo, men har tidigare hunnit bo b\u00e5de i Sverige, Storbritannien och i Belgien.<\/p>\n<p style=\"padding-left: 210px; text-align: left;\">Finlands framtid lovprisas st\u00e4ndigt i festtal, men konkreti saknas oftast. Jag hoppas i samarbete med de andra fullm\u00e4ktigeledam\u00f6terna kunna g\u00e5 fr\u00e5n vackra ord till handlingar som f\u00f6rb\u00e4ttrar vardagen f\u00f6r vanliga esbobor.&#8221;<\/p>\n<p><\/p>","protected":false},"excerpt":{"rendered":"<p>&#8221;Jag \u00e4r Niklas Mannfolk,<br \/>\nsm\u00e5barnsfar fr\u00e5n Esbo i mina b\u00e4sta \u00e5r. Som ekonom ser jag g\u00e4rna att staden anv\u00e4nder sina pengar vettigt. Ekonomi, boende och milj\u00f6 \u00e4r d\u00e4rf\u00f6r n\u00e4ra mitt politiska hj\u00e4rta. &#8221;<\/p>\n","protected":false},"author":1,"featured_media":376,"parent":0,"menu_order":0,"comment_status":"closed","ping_status":"open","template":"","meta":{"footnotes":""},"class_list":["post-184","page","type-page","status-publish","has-post-thumbnail","hentry"],"_links":{"self":[{"href":"https:\/\/mannfolk.fi\/sv\/wp-json\/wp\/v2\/pages\/184","targetHints":{"allow":["GET"]}}],"collection":[{"href":"https:\/\/mannfolk.fi\/sv\/wp-json\/wp\/v2\/pages"}],"about":[{"href":"https:\/\/mannfolk.fi\/sv\/wp-json\/wp\/v2\/types\/page"}],"author":[{"embeddable":true,"href":"https:\/\/mannfolk.fi\/sv\/wp-json\/wp\/v2\/users\/1"}],"replies":[{"embeddable":true,"href":"https:\/\/mannfolk.fi\/sv\/wp-json\/wp\/v2\/comments?post=184"}],"version-history":[{"count":30,"href":"https:\/\/mannfolk.fi\/sv\/wp-json\/wp\/v2\/pages\/184\/revisions"}],"predecessor-version":[{"id":375,"href":"https:\/\/mannfolk.fi\/sv\/wp-json\/wp\/v2\/pages\/184\/revisions\/375"}],"wp:featuredmedia":[{"embeddable":true,"href":"https:\/\/mannfolk.fi\/sv\/wp-json\/wp\/v2\/media\/376"}],"wp:attachment":[{"href":"https:\/\/mannfolk.fi\/sv\/wp-json\/wp\/v2\/media?parent=184"}],"curies":[{"name":"wp","href":"https:\/\/api.w.org\/{rel}","templated":true}]}}