{"id":95,"date":"2011-03-29T14:02:53","date_gmt":"2011-03-29T14:02:53","guid":{"rendered":"http:\/\/mannfolk.fi\/update"},"modified":"2021-01-23T11:26:56","modified_gmt":"2021-01-23T11:26:56","slug":"blog","status":"publish","type":"page","link":"https:\/\/mannfolk.fi\/en\/blog\/","title":{"rendered":"Blog"},"content":{"rendered":"<div class=\"row-fluid\">\n<h2><span style=\"color: #ff6600;\">Varf\u00f6r ska Esbo byggas ut\u00e5t? &#8211; 23.1.2021<\/span><\/h2>\n<div class=\"span8\">\n<p style=\"padding-left: 30px;\">Den nuvarande generalplanen f\u00f6r Esbos norra delar tr\u00e4dde i kraft 1997. Sedan dess har Esbo utvecklats en hel del och planen l\u00e4mpar sig inte l\u00e4ngre till den v\u00e4xande stadens behov. Den nu f\u00f6reslagna nya generalplanen kommer att koncentrera planl\u00e4ggningen av bostadsomr\u00e5den, arbetsplatsomr\u00e5den och trafikn\u00e4t till olika centrum.<\/p>\n<p style=\"padding-left: 30px;\">Meningen \u00e4r att natur- och kulturmilj\u00f6erna runtom centrumen ska bevaras genom att nya bost\u00e4der och arbetsplatser koncentreras dit d\u00e4r det redan finns bebyggelse. S\u00e5 ska det vara. Det finns massor med fin natur i Esbo, och speciellt nu under corona\u00e5ret har allt fler Esbobor f\u00e5tt njuta av den.<\/p>\n<p style=\"padding-left: 30px;\">\u00c4ven om inflyttningen till Esbo avtagit n\u00e5got under senaste \u00e5ret flyttar det st\u00e4ndigt en hel del nya m\u00e4nniskor till staden. Tanken om ett Esbo med bara l\u00e5ga hus \u00e4r i och f\u00f6r sig vacker, och ingen vill v\u00e4l ha en stad med bara skyskrapor. Realister inser \u00e4nd\u00e5 att det l\u00f6nar sig att utveckla nuvarande centrum genom att bygga upp\u00e5t ist\u00e4llet f\u00f6r att bygga ut staden dit d\u00e4r det inte finns t\u00e4t bebyggelse.<\/p>\n<p style=\"padding-left: 30px;\">N\u00e4r nya inv\u00e5nare flyttar till Esbo \u00e4r det b\u00e4ttre att de flyttar till st\u00e4llen d\u00e4r det redan finns service och tj\u00e4nster ist\u00e4llet f\u00f6r att nya centrum ska beh\u00f6va byggas. Samtidigt sparar vi den natur som \u00e4r k\u00e4nnetecknande f\u00f6r Esbo och som inv\u00e5narna \u00e4lskar. D\u00e5 minskar ocks\u00e5 trycket att planl\u00e4gga \u00f6ver gr\u00f6nomr\u00e5dena.<\/p>\n<p style=\"padding-left: 30px;\">\n<div class=\"row-fluid\">\n<h2><span style=\"color: #ff6600;\">Valheellinen politiikka on vaarallista &#8211; 14.1.2021<\/span><\/h2>\n<div class=\"span8\">\n<p style=\"padding-left: 30px;\">Loppiaisena Yhdysvaltojen kongressin rakennukseen Capitol Hillill\u00e4 Washington DC:ss\u00e4 murtautui joukko mellakoitsijoita. Mellakoitsijat pyrkiv\u00e4t istuvan presidentti Donald Trumpin kiihottamina est\u00e4m\u00e4\u00e4n presidentinvaalit voittaneen Joe Bidenin virkanimityksen. Murtautuessaan Yhdysvaltain demokratian pyhimp\u00e4\u00e4n paikkaan n\u00e4m\u00e4 rikolliset tuhosivat historiallisen arvokkaita esineit\u00e4, rikkoivat ikkunoita ja h\u00e4p\u00e4isiv\u00e4t edustajien ty\u00f6huoneita.<\/p>\n<p style=\"padding-left: 30px;\">T\u00e4m\u00e4 on oiva esimerkki siit\u00e4, miten politiikkaa ei demokratiassa kuulu tehd\u00e4. Jos poliittisesta p\u00e4\u00e4t\u00f6ksest\u00e4 on eri mielt\u00e4, on oikein ja suotavaa osoittaa mielt\u00e4\u00e4n. Kaikessa mielenosoittamisessa on kuitenkin toimittava laillisesti, ja nojattava faktaan ja totuuksiin. Trumpin kannattajat perustivat raivonsa ja mellakointinsa presidenttiehdokkaansa todistetusti valheellisiin v\u00e4itt\u00e4miin ja haluttomuuteen my\u00f6nt\u00e4\u00e4 tappionsa.<\/p>\n<p style=\"padding-left: 30px;\">Suomessa vastaavan kaltaista mellakointia ei ole onneksi n\u00e4hty sitten 1930-luvun, emmek\u00e4 halua sellaista n\u00e4hd\u00e4k\u00e4\u00e4n. Meill\u00e4 vaaleja on p\u00e4\u00e4osin k\u00e4yty asiallisesti ja vaalituloksiin on tyydytty, vaikka tulos ei oman puolueen kohdalla aina olisikaan ollut mieluisin.<\/p>\n<p style=\"padding-left: 30px;\">Omalta osaltani uskon ja toivon, ettei Yhdysvaltojen tai muiden demokratian periaatteet unohtaneiden maiden kaltaista k\u00e4ytt\u00e4ytymist\u00e4 n\u00e4ht\u00e4isi Suomessa my\u00f6sk\u00e4\u00e4n tulevissa vaaleissa, vaikka ainakin yksi puolue on selv\u00e4sti pyrkinyt ottamaan oppia rapakon takaa. Valheellisen tiedon jakaminen ja v\u00e4kivaltaan yllytt\u00e4minen ei kuulu mihink\u00e4\u00e4n yhteiskuntaan, ei t\u00e4nne Suomeen kuin muuallekaan.<\/p>\n<\/div>\n<h3><\/h3>\n<\/div>\n<h1><\/h1>\n<\/div>\n<\/div>\n","protected":false},"excerpt":{"rendered":"<p>Varf\u00f6r ska Esbo byggas ut\u00e5t? &#8211; 23.1.2021 Den nuvarande generalplanen f\u00f6r Esbos norra delar tr\u00e4dde i kraft 1997. Sedan dess har Esbo utvecklats en hel del och planen l\u00e4mpar sig inte l\u00e4ngre till den v\u00e4xande stadens behov. Den nu f\u00f6reslagna nya generalplanen kommer att koncentrera planl\u00e4ggningen av bostadsomr\u00e5den, arbetsplatsomr\u00e5den och trafikn\u00e4t till olika centrum. Meningen [&hellip;]<\/p>\n","protected":false},"author":1,"featured_media":0,"parent":0,"menu_order":0,"comment_status":"closed","ping_status":"open","template":"","meta":{"footnotes":""},"class_list":["post-95","page","type-page","status-publish","hentry"],"_links":{"self":[{"href":"https:\/\/mannfolk.fi\/en\/wp-json\/wp\/v2\/pages\/95","targetHints":{"allow":["GET"]}}],"collection":[{"href":"https:\/\/mannfolk.fi\/en\/wp-json\/wp\/v2\/pages"}],"about":[{"href":"https:\/\/mannfolk.fi\/en\/wp-json\/wp\/v2\/types\/page"}],"author":[{"embeddable":true,"href":"https:\/\/mannfolk.fi\/en\/wp-json\/wp\/v2\/users\/1"}],"replies":[{"embeddable":true,"href":"https:\/\/mannfolk.fi\/en\/wp-json\/wp\/v2\/comments?post=95"}],"version-history":[{"count":12,"href":"https:\/\/mannfolk.fi\/en\/wp-json\/wp\/v2\/pages\/95\/revisions"}],"predecessor-version":[{"id":119,"href":"https:\/\/mannfolk.fi\/en\/wp-json\/wp\/v2\/pages\/95\/revisions\/119"}],"wp:attachment":[{"href":"https:\/\/mannfolk.fi\/en\/wp-json\/wp\/v2\/media?parent=95"}],"curies":[{"name":"wp","href":"https:\/\/api.w.org\/{rel}","templated":true}]}}